{"id":78,"date":"2025-02-20T08:19:39","date_gmt":"2025-02-20T07:19:39","guid":{"rendered":"https:\/\/assimianlegion.com\/?page_id=78"},"modified":"2025-02-21T14:51:57","modified_gmt":"2025-02-21T13:51:57","slug":"gallerie","status":"publish","type":"page","link":"https:\/\/assimianlegion.com\/index.php\/gallerie\/","title":{"rendered":"Gallerie"},"content":{"rendered":"\n<figure class=\"wp-block-image size-large\"><img loading=\"lazy\" decoding=\"async\" width=\"1024\" height=\"430\" src=\"https:\/\/assimianlegion.com\/wp-content\/uploads\/2025\/02\/AmarrCinematic1-1024x430.jpg\" alt=\"\" class=\"wp-image-23\" srcset=\"https:\/\/assimianlegion.com\/wp-content\/uploads\/2025\/02\/AmarrCinematic1-1024x430.jpg 1024w, https:\/\/assimianlegion.com\/wp-content\/uploads\/2025\/02\/AmarrCinematic1-300x126.jpg 300w, https:\/\/assimianlegion.com\/wp-content\/uploads\/2025\/02\/AmarrCinematic1-768x323.jpg 768w, https:\/\/assimianlegion.com\/wp-content\/uploads\/2025\/02\/AmarrCinematic1-1536x645.jpg 1536w, https:\/\/assimianlegion.com\/wp-content\/uploads\/2025\/02\/AmarrCinematic1.jpg 1600w\" sizes=\"auto, (max-width: 1024px) 100vw, 1024px\" \/><\/figure>\n\n\n\n<p class=\"has-text-align-center\">Auf dieser Seite findet Ihr einige Einblicke in das Leben unserer verschiednen Corporations und Member. Von allt\u00e4glichen Mining-Flotten bis hin zu gro\u00dfen K\u00e4mpfen lassen wir euch Teilhaben an der Geschichte unserer Allianz<\/p>\n\n\n\n<p class=\"has-text-align-center\">Ihr findet die einzelnen Beitr\u00e4ge in dem Mouse-over Menu unter Galerie.<\/p>\n\n\n\n<p><\/p>\n","protected":false},"excerpt":{"rendered":"<p>Auf dieser Seite findet Ihr einige Einblicke in das Leben unserer verschiednen Corporations und Member. Von allt\u00e4glichen Mining-Flotten bis hin zu gro\u00dfen K\u00e4mpfen lassen wir euch Teilhaben an der Geschichte unserer Allianz Ihr findet die einzelnen Beitr\u00e4ge in dem Mouse-over &hellip; <a href=\"https:\/\/assimianlegion.com\/index.php\/gallerie\/\">Weiterlesen <span class=\"meta-nav\">&rarr;<\/span><\/a><\/p>\n","protected":false},"author":1,"featured_media":0,"parent":0,"menu_order":6,"comment_status":"closed","ping_status":"closed","template":"","meta":{"footnotes":""},"class_list":["post-78","page","type-page","status-publish","hentry"],"_links":{"self":[{"href":"https:\/\/assimianlegion.com\/index.php\/wp-json\/wp\/v2\/pages\/78","targetHints":{"allow":["GET"]}}],"collection":[{"href":"https:\/\/assimianlegion.com\/index.php\/wp-json\/wp\/v2\/pages"}],"about":[{"href":"https:\/\/assimianlegion.com\/index.php\/wp-json\/wp\/v2\/types\/page"}],"author":[{"embeddable":true,"href":"https:\/\/assimianlegion.com\/index.php\/wp-json\/wp\/v2\/users\/1"}],"replies":[{"embeddable":true,"href":"https:\/\/assimianlegion.com\/index.php\/wp-json\/wp\/v2\/comments?post=78"}],"version-history":[{"count":4,"href":"https:\/\/assimianlegion.com\/index.php\/wp-json\/wp\/v2\/pages\/78\/revisions"}],"predecessor-version":[{"id":238,"href":"https:\/\/assimianlegion.com\/index.php\/wp-json\/wp\/v2\/pages\/78\/revisions\/238"}],"wp:attachment":[{"href":"https:\/\/assimianlegion.com\/index.php\/wp-json\/wp\/v2\/media?parent=78"}],"curies":[{"name":"wp","href":"https:\/\/api.w.org\/{rel}","templated":true}]}}