{"id":76,"date":"2025-02-20T08:19:55","date_gmt":"2025-02-20T07:19:55","guid":{"rendered":"https:\/\/assimianlegion.com\/?page_id=76"},"modified":"2025-02-24T16:11:26","modified_gmt":"2025-02-24T15:11:26","slug":"links","status":"publish","type":"page","link":"https:\/\/assimianlegion.com\/index.php\/links\/","title":{"rendered":"Links"},"content":{"rendered":"\n<figure class=\"wp-block-image size-full is-resized\"><img loading=\"lazy\" decoding=\"async\" width=\"800\" height=\"380\" src=\"https:\/\/assimianlegion.com\/wp-content\/uploads\/2025\/02\/world-wide-web-www-meaning-history-origin.jpg\" alt=\"\" class=\"wp-image-346\" style=\"width:670px;height:auto\" srcset=\"https:\/\/assimianlegion.com\/wp-content\/uploads\/2025\/02\/world-wide-web-www-meaning-history-origin.jpg 800w, https:\/\/assimianlegion.com\/wp-content\/uploads\/2025\/02\/world-wide-web-www-meaning-history-origin-300x143.jpg 300w, https:\/\/assimianlegion.com\/wp-content\/uploads\/2025\/02\/world-wide-web-www-meaning-history-origin-768x365.jpg 768w\" sizes=\"auto, (max-width: 800px) 100vw, 800px\" \/><\/figure>\n\n\n\n<p class=\"has-text-align-center has-medium-font-size\"><strong>Assimian Legion<\/strong> ist auch noch in anderen Formaten im Web pr\u00e4sent w\u00fcrden uns \u00fcber Besucher und Follower freuen! Schaut doch einfach mal rein und lasst einen Kommentar da.<\/p>\n\n\n\n<div class=\"wp-block-media-text is-stacked-on-mobile\" style=\"grid-template-columns:18% auto\"><figure class=\"wp-block-media-text__media\"><img loading=\"lazy\" decoding=\"async\" width=\"220\" height=\"220\" src=\"https:\/\/assimianlegion.com\/wp-content\/uploads\/2025\/02\/Download-2.png\" alt=\"\" class=\"wp-image-328 size-full\" srcset=\"https:\/\/assimianlegion.com\/wp-content\/uploads\/2025\/02\/Download-2.png 220w, https:\/\/assimianlegion.com\/wp-content\/uploads\/2025\/02\/Download-2-150x150.png 150w\" sizes=\"auto, (max-width: 220px) 100vw, 220px\" \/><\/figure><div class=\"wp-block-media-text__content\">\n<p class=\"has-light-gray-background-color has-background\"><a href=\"https:\/\/www.reddit.com\/r\/AssimianLegion\/\">Besucht uns bei Reddit<\/a><\/p>\n<\/div><\/div>\n\n\n\n<div class=\"wp-block-media-text is-stacked-on-mobile\" style=\"grid-template-columns:18% auto\"><figure class=\"wp-block-media-text__media\"><img loading=\"lazy\" decoding=\"async\" width=\"225\" height=\"225\" src=\"https:\/\/assimianlegion.com\/wp-content\/uploads\/2025\/02\/eve.jpeg\" alt=\"\" class=\"wp-image-330 size-full\" srcset=\"https:\/\/assimianlegion.com\/wp-content\/uploads\/2025\/02\/eve.jpeg 225w, https:\/\/assimianlegion.com\/wp-content\/uploads\/2025\/02\/eve-150x150.jpeg 150w\" sizes=\"auto, (max-width: 225px) 100vw, 225px\" \/><\/figure><div class=\"wp-block-media-text__content\">\n<p class=\"has-light-gray-background-color has-background\"><a href=\"https:\/\/forums.eveonline.com\/t\/corporation-im-amarr-space-sucht-verstarkung\/477673\">Folge uns im offiziellen Forum<\/a><\/p>\n<\/div><\/div>\n\n\n\n<div class=\"wp-block-media-text is-stacked-on-mobile\" style=\"grid-template-columns:18% auto\"><figure class=\"wp-block-media-text__media\"><img loading=\"lazy\" decoding=\"async\" width=\"225\" height=\"225\" src=\"https:\/\/assimianlegion.com\/wp-content\/uploads\/2025\/02\/YT.png\" alt=\"\" class=\"wp-image-332 size-full\" srcset=\"https:\/\/assimianlegion.com\/wp-content\/uploads\/2025\/02\/YT.png 225w, https:\/\/assimianlegion.com\/wp-content\/uploads\/2025\/02\/YT-150x150.png 150w\" sizes=\"auto, (max-width: 225px) 100vw, 225px\" \/><\/figure><div class=\"wp-block-media-text__content\">\n<p class=\"has-light-gray-background-color has-background\"><a href=\"https:\/\/www.youtube.com\/watch?v=SWxq2TxJWEo\">Besucht uns auf Youtube<\/a><\/p>\n<\/div><\/div>\n\n\n\n<div class=\"wp-block-media-text is-stacked-on-mobile\" style=\"grid-template-columns:18% auto\"><figure class=\"wp-block-media-text__media\"><img loading=\"lazy\" decoding=\"async\" width=\"225\" height=\"225\" src=\"https:\/\/assimianlegion.com\/wp-content\/uploads\/2025\/02\/Download-3.png\" alt=\"\" class=\"wp-image-334 size-full\" srcset=\"https:\/\/assimianlegion.com\/wp-content\/uploads\/2025\/02\/Download-3.png 225w, https:\/\/assimianlegion.com\/wp-content\/uploads\/2025\/02\/Download-3-150x150.png 150w\" sizes=\"auto, (max-width: 225px) 100vw, 225px\" \/><\/figure><div class=\"wp-block-media-text__content\">\n<p class=\"has-light-gray-background-color has-background\"><a href=\"https:\/\/www.twitch.tv\/assimianlegion\">Besucht uns auf Twitch<\/a><\/p>\n<\/div><\/div>\n\n\n\n<div class=\"wp-block-media-text is-stacked-on-mobile\" style=\"grid-template-columns:18% auto\"><figure class=\"wp-block-media-text__media\"><img loading=\"lazy\" decoding=\"async\" width=\"640\" height=\"427\" src=\"https:\/\/assimianlegion.com\/wp-content\/uploads\/2025\/02\/logo-6060989_640.webp\" alt=\"\" class=\"wp-image-336 size-full\" srcset=\"https:\/\/assimianlegion.com\/wp-content\/uploads\/2025\/02\/logo-6060989_640.webp 640w, https:\/\/assimianlegion.com\/wp-content\/uploads\/2025\/02\/logo-6060989_640-300x200.webp 300w\" sizes=\"auto, (max-width: 640px) 100vw, 640px\" \/><\/figure><div class=\"wp-block-media-text__content\">\n<p class=\"has-light-gray-background-color has-background\"><a href=\"https:\/\/www.instagram.com\/assimian_legion\/\">Folge uns auf Instagram<\/a><\/p>\n<\/div><\/div>\n\n\n\n<div class=\"wp-block-media-text is-stacked-on-mobile\" style=\"grid-template-columns:18% auto\"><figure class=\"wp-block-media-text__media\"><img loading=\"lazy\" decoding=\"async\" width=\"620\" height=\"413\" src=\"https:\/\/assimianlegion.com\/wp-content\/uploads\/2025\/02\/620w.webp\" alt=\"\" class=\"wp-image-337 size-full\" srcset=\"https:\/\/assimianlegion.com\/wp-content\/uploads\/2025\/02\/620w.webp 620w, https:\/\/assimianlegion.com\/wp-content\/uploads\/2025\/02\/620w-300x200.webp 300w\" sizes=\"auto, (max-width: 620px) 100vw, 620px\" \/><\/figure><div class=\"wp-block-media-text__content\">\n<p class=\"has-light-gray-background-color has-background\"><a href=\"https:\/\/www.facebook.com\/profile.php?id=61573042785862\" data-type=\"link\" data-id=\"https:\/\/www.facebook.com\/profile.php?id=61573042785862\">Besucht uns bei Facebook<\/a><\/p>\n<\/div><\/div>\n\n\n\n<div class=\"wp-block-media-text is-stacked-on-mobile\" style=\"grid-template-columns:18% auto\"><figure class=\"wp-block-media-text__media\"><img loading=\"lazy\" decoding=\"async\" width=\"626\" height=\"626\" src=\"https:\/\/assimianlegion.com\/wp-content\/uploads\/2025\/02\/modernes-abzeichen-zwietracht-symbol_578229-169.avif\" alt=\"\" class=\"wp-image-313 size-full\" srcset=\"https:\/\/assimianlegion.com\/wp-content\/uploads\/2025\/02\/modernes-abzeichen-zwietracht-symbol_578229-169.avif 626w, https:\/\/assimianlegion.com\/wp-content\/uploads\/2025\/02\/modernes-abzeichen-zwietracht-symbol_578229-169-300x300.avif 300w, https:\/\/assimianlegion.com\/wp-content\/uploads\/2025\/02\/modernes-abzeichen-zwietracht-symbol_578229-169-150x150.avif 150w\" sizes=\"auto, (max-width: 626px) 100vw, 626px\" \/><\/figure><div class=\"wp-block-media-text__content\">\n<p class=\"has-light-gray-background-color has-background\"><a href=\"https:\/\/discord.gg\/DexAdMpDRV\">Besucht uns auf Discord<\/a><\/p>\n<\/div><\/div>\n\n\n\n<p><\/p>\n\n\n\n<p style=\"font-size:21px\"><strong>Kontakt:<\/strong><\/p>\n\n\n\n<ul class=\"wp-block-list\">\n<li><strong>Ingame-Mail:<\/strong> Nelfurion Kor-Azor<\/li>\n\n\n\n<li><strong>Ingame-Channel:<\/strong> Assimian Legion<\/li>\n\n\n\n<li><strong>Discord:<\/strong> <a href=\"https:\/\/discord.gg\/DexAdMpDRV\">JOIN<\/a><\/li>\n<\/ul>\n","protected":false},"excerpt":{"rendered":"<p>Assimian Legion ist auch noch in anderen Formaten im Web pr\u00e4sent w\u00fcrden uns \u00fcber Besucher und Follower freuen! Schaut doch einfach mal rein und lasst einen Kommentar da. Besucht uns bei Reddit Folge uns im offiziellen Forum Besucht uns auf &hellip; <a href=\"https:\/\/assimianlegion.com\/index.php\/links\/\">Weiterlesen <span class=\"meta-nav\">&rarr;<\/span><\/a><\/p>\n","protected":false},"author":1,"featured_media":0,"parent":0,"menu_order":8,"comment_status":"closed","ping_status":"closed","template":"","meta":{"footnotes":""},"class_list":["post-76","page","type-page","status-publish","hentry"],"_links":{"self":[{"href":"https:\/\/assimianlegion.com\/index.php\/wp-json\/wp\/v2\/pages\/76","targetHints":{"allow":["GET"]}}],"collection":[{"href":"https:\/\/assimianlegion.com\/index.php\/wp-json\/wp\/v2\/pages"}],"about":[{"href":"https:\/\/assimianlegion.com\/index.php\/wp-json\/wp\/v2\/types\/page"}],"author":[{"embeddable":true,"href":"https:\/\/assimianlegion.com\/index.php\/wp-json\/wp\/v2\/users\/1"}],"replies":[{"embeddable":true,"href":"https:\/\/assimianlegion.com\/index.php\/wp-json\/wp\/v2\/comments?post=76"}],"version-history":[{"count":7,"href":"https:\/\/assimianlegion.com\/index.php\/wp-json\/wp\/v2\/pages\/76\/revisions"}],"predecessor-version":[{"id":414,"href":"https:\/\/assimianlegion.com\/index.php\/wp-json\/wp\/v2\/pages\/76\/revisions\/414"}],"wp:attachment":[{"href":"https:\/\/assimianlegion.com\/index.php\/wp-json\/wp\/v2\/media?parent=76"}],"curies":[{"name":"wp","href":"https:\/\/api.w.org\/{rel}","templated":true}]}}