{"id":385,"date":"2025-02-24T08:54:25","date_gmt":"2025-02-24T07:54:25","guid":{"rendered":"https:\/\/assimianlegion.com\/?page_id=385"},"modified":"2025-02-24T09:14:32","modified_gmt":"2025-02-24T08:14:32","slug":"ice-mining-fleet","status":"publish","type":"page","link":"https:\/\/assimianlegion.com\/index.php\/gallerie\/ice-mining-fleet\/","title":{"rendered":"Ice-Mining Fleet"},"content":{"rendered":"\n<p>Auch Ice-Mining Fleets geh\u00f6ren zu den regelhaften Aktivit\u00e4ten. Das Eis wird u.a. f\u00fcr die Produktion von Fuel-Bl\u00f6cken f\u00fcr die Upwell-Strukturen gebraucht. Es ist also nicht nur lukrativer als High-Sec Erz sondern f\u00fcr die Allianz insgesamt wichtig.<\/p>\n\n\n\n<figure class=\"wp-block-image size-large\"><img loading=\"lazy\" decoding=\"async\" width=\"1024\" height=\"640\" src=\"https:\/\/assimianlegion.com\/wp-content\/uploads\/2025\/02\/Ice-Mining-Fleet-1024x640.jpg\" alt=\"\" class=\"wp-image-387\" srcset=\"https:\/\/assimianlegion.com\/wp-content\/uploads\/2025\/02\/Ice-Mining-Fleet-1024x640.jpg 1024w, https:\/\/assimianlegion.com\/wp-content\/uploads\/2025\/02\/Ice-Mining-Fleet-300x188.jpg 300w, https:\/\/assimianlegion.com\/wp-content\/uploads\/2025\/02\/Ice-Mining-Fleet-768x480.jpg 768w, https:\/\/assimianlegion.com\/wp-content\/uploads\/2025\/02\/Ice-Mining-Fleet-1536x960.jpg 1536w, https:\/\/assimianlegion.com\/wp-content\/uploads\/2025\/02\/Ice-Mining-Fleet-2048x1280.jpg 2048w\" sizes=\"auto, (max-width: 1024px) 100vw, 1024px\" \/><\/figure>\n\n\n\n<p><\/p>\n\n\n\n<figure class=\"wp-block-image size-large\"><img loading=\"lazy\" decoding=\"async\" width=\"1024\" height=\"640\" src=\"https:\/\/assimianlegion.com\/wp-content\/uploads\/2025\/02\/Ice-Mining-Fleet-2-1024x640.jpg\" alt=\"\" class=\"wp-image-386\" srcset=\"https:\/\/assimianlegion.com\/wp-content\/uploads\/2025\/02\/Ice-Mining-Fleet-2-1024x640.jpg 1024w, https:\/\/assimianlegion.com\/wp-content\/uploads\/2025\/02\/Ice-Mining-Fleet-2-300x188.jpg 300w, https:\/\/assimianlegion.com\/wp-content\/uploads\/2025\/02\/Ice-Mining-Fleet-2-768x480.jpg 768w, https:\/\/assimianlegion.com\/wp-content\/uploads\/2025\/02\/Ice-Mining-Fleet-2-1536x960.jpg 1536w, https:\/\/assimianlegion.com\/wp-content\/uploads\/2025\/02\/Ice-Mining-Fleet-2-2048x1280.jpg 2048w\" sizes=\"auto, (max-width: 1024px) 100vw, 1024px\" \/><\/figure>\n","protected":false},"excerpt":{"rendered":"<p>Auch Ice-Mining Fleets geh\u00f6ren zu den regelhaften Aktivit\u00e4ten. Das Eis wird u.a. f\u00fcr die Produktion von Fuel-Bl\u00f6cken f\u00fcr die Upwell-Strukturen gebraucht. Es ist also nicht nur lukrativer als High-Sec Erz sondern f\u00fcr die Allianz insgesamt wichtig.<\/p>\n","protected":false},"author":1,"featured_media":0,"parent":78,"menu_order":5,"comment_status":"open","ping_status":"closed","template":"","meta":{"footnotes":""},"class_list":["post-385","page","type-page","status-publish","hentry"],"_links":{"self":[{"href":"https:\/\/assimianlegion.com\/index.php\/wp-json\/wp\/v2\/pages\/385","targetHints":{"allow":["GET"]}}],"collection":[{"href":"https:\/\/assimianlegion.com\/index.php\/wp-json\/wp\/v2\/pages"}],"about":[{"href":"https:\/\/assimianlegion.com\/index.php\/wp-json\/wp\/v2\/types\/page"}],"author":[{"embeddable":true,"href":"https:\/\/assimianlegion.com\/index.php\/wp-json\/wp\/v2\/users\/1"}],"replies":[{"embeddable":true,"href":"https:\/\/assimianlegion.com\/index.php\/wp-json\/wp\/v2\/comments?post=385"}],"version-history":[{"count":3,"href":"https:\/\/assimianlegion.com\/index.php\/wp-json\/wp\/v2\/pages\/385\/revisions"}],"predecessor-version":[{"id":393,"href":"https:\/\/assimianlegion.com\/index.php\/wp-json\/wp\/v2\/pages\/385\/revisions\/393"}],"up":[{"embeddable":true,"href":"https:\/\/assimianlegion.com\/index.php\/wp-json\/wp\/v2\/pages\/78"}],"wp:attachment":[{"href":"https:\/\/assimianlegion.com\/index.php\/wp-json\/wp\/v2\/media?parent=385"}],"curies":[{"name":"wp","href":"https:\/\/api.w.org\/{rel}","templated":true}]}}