{"id":363,"date":"2025-02-21T14:49:01","date_gmt":"2025-02-21T13:49:01","guid":{"rendered":"https:\/\/assimianlegion.com\/?page_id=363"},"modified":"2025-02-24T09:04:56","modified_gmt":"2025-02-24T08:04:56","slug":"rekrutierung","status":"publish","type":"page","link":"https:\/\/assimianlegion.com\/index.php\/rekrutierung\/","title":{"rendered":"Rekrutierung"},"content":{"rendered":"\n<figure class=\"wp-block-image size-full\"><img loading=\"lazy\" decoding=\"async\" width=\"690\" height=\"612\" src=\"https:\/\/assimianlegion.com\/wp-content\/uploads\/2025\/02\/ehimg1053.webp\" alt=\"\" class=\"wp-image-368\" srcset=\"https:\/\/assimianlegion.com\/wp-content\/uploads\/2025\/02\/ehimg1053.webp 690w, https:\/\/assimianlegion.com\/wp-content\/uploads\/2025\/02\/ehimg1053-300x266.webp 300w\" sizes=\"auto, (max-width: 690px) 100vw, 690px\" \/><\/figure>\n\n\n\n<p><\/p>\n\n\n\n<p>Wenn Du auch Interesse an <strong>Assimian Legion<\/strong> oder einer unserer Corporations hast, dann w\u00fcrden wir uns freuen von dir zu h\u00f6ren.<\/p>\n\n\n\n<p><strong>Unser Angebot:<\/strong><br>&#8211; Alle Vorz\u00fcge der Allianz<br>&#8211; M\u00f6glichkeiten um das eigene Wallet aufzupolieren<br>&#8211; Famili\u00e4re Atmosph\u00e4re<br>&#8211; Hilfestellungen f\u00fcr Jedermann<br><\/p>\n\n\n\n<p><strong>Unsere Erwartungen:<\/strong><br>&#8211; Omega Clone Status<br>&#8211; Spa\u00df am Spiel<br>&#8211; Humor und Discord als Main Kommunikation \/ Chat<br>&#8211; Erwachsenes Verhalten innerhalb der Community<\/p>\n\n\n\n<p>Schreibe uns einfach Ingame an, treten unserem Public Channel bei oder melde dich auf Discord. Wir freuen uns auf dich.<\/p>\n\n\n\n<p style=\"font-size:21px\"><strong>Kontakt:<\/strong><\/p>\n\n\n\n<ul class=\"wp-block-list\">\n<li><strong>Ingame-Mail:<\/strong> Nelfurion Kor-Azor<\/li>\n\n\n\n<li><strong>Ingame-Channel:<\/strong> Assimian Legion<\/li>\n\n\n\n<li><strong>Discord:<\/strong> <a href=\"https:\/\/discord.gg\/DexAdMpDRV\">JOIN<\/a><\/li>\n<\/ul>\n\n\n\n<div class=\"wp-block-group is-vertical is-layout-flex wp-container-core-group-is-layout-8cf370e7 wp-block-group-is-layout-flex\">\n<p><\/p>\n\n\n\n<p><\/p>\n<\/div>\n\n\n\n<p><\/p>\n","protected":false},"excerpt":{"rendered":"<p>Wenn Du auch Interesse an Assimian Legion oder einer unserer Corporations hast, dann w\u00fcrden wir uns freuen von dir zu h\u00f6ren. Unser Angebot:&#8211; Alle Vorz\u00fcge der Allianz&#8211; M\u00f6glichkeiten um das eigene Wallet aufzupolieren&#8211; Famili\u00e4re Atmosph\u00e4re&#8211; Hilfestellungen f\u00fcr Jedermann Unsere Erwartungen:&#8211; &hellip; <a href=\"https:\/\/assimianlegion.com\/index.php\/rekrutierung\/\">Weiterlesen <span class=\"meta-nav\">&rarr;<\/span><\/a><\/p>\n","protected":false},"author":1,"featured_media":0,"parent":0,"menu_order":5,"comment_status":"closed","ping_status":"closed","template":"","meta":{"footnotes":""},"class_list":["post-363","page","type-page","status-publish","hentry"],"_links":{"self":[{"href":"https:\/\/assimianlegion.com\/index.php\/wp-json\/wp\/v2\/pages\/363","targetHints":{"allow":["GET"]}}],"collection":[{"href":"https:\/\/assimianlegion.com\/index.php\/wp-json\/wp\/v2\/pages"}],"about":[{"href":"https:\/\/assimianlegion.com\/index.php\/wp-json\/wp\/v2\/types\/page"}],"author":[{"embeddable":true,"href":"https:\/\/assimianlegion.com\/index.php\/wp-json\/wp\/v2\/users\/1"}],"replies":[{"embeddable":true,"href":"https:\/\/assimianlegion.com\/index.php\/wp-json\/wp\/v2\/comments?post=363"}],"version-history":[{"count":7,"href":"https:\/\/assimianlegion.com\/index.php\/wp-json\/wp\/v2\/pages\/363\/revisions"}],"predecessor-version":[{"id":407,"href":"https:\/\/assimianlegion.com\/index.php\/wp-json\/wp\/v2\/pages\/363\/revisions\/407"}],"wp:attachment":[{"href":"https:\/\/assimianlegion.com\/index.php\/wp-json\/wp\/v2\/media?parent=363"}],"curies":[{"name":"wp","href":"https:\/\/api.w.org\/{rel}","templated":true}]}}