{"id":247,"date":"2025-02-20T16:53:49","date_gmt":"2025-02-20T15:53:49","guid":{"rendered":"https:\/\/assimianlegion.com\/?page_id=247"},"modified":"2025-02-20T16:57:05","modified_gmt":"2025-02-20T15:57:05","slug":"allianz-regelwerk","status":"publish","type":"page","link":"https:\/\/assimianlegion.com\/index.php\/sample-page\/allianz-regelwerk\/","title":{"rendered":"Allianz &#8211; Regelwerk"},"content":{"rendered":"\n<figure class=\"wp-block-image size-full\"><img loading=\"lazy\" decoding=\"async\" width=\"960\" height=\"540\" src=\"https:\/\/assimianlegion.com\/wp-content\/uploads\/2025\/02\/Amarr-Empire-I-1.jpg\" alt=\"\" class=\"wp-image-70\" srcset=\"https:\/\/assimianlegion.com\/wp-content\/uploads\/2025\/02\/Amarr-Empire-I-1.jpg 960w, https:\/\/assimianlegion.com\/wp-content\/uploads\/2025\/02\/Amarr-Empire-I-1-300x169.jpg 300w, https:\/\/assimianlegion.com\/wp-content\/uploads\/2025\/02\/Amarr-Empire-I-1-768x432.jpg 768w\" sizes=\"auto, (max-width: 960px) 100vw, 960px\" \/><\/figure>\n\n\n\n<p class=\"has-medium-font-size\"><strong>Erwartung an unsere Piloten<\/strong><\/p>\n\n\n\n<ul class=\"wp-block-list\">\n<li>Strukturen anderer Spieler, Coporationen und Allianzen werden nicht ohne Anweisung der Allianzf\u00fchrung beschossen<\/li>\n\n\n\n<li>Ausgenommen sind alle tempor\u00e4ren Strukturen wie MTUs, Mobile Depos, Bubbles o.\u00e4.<\/li>\n\n\n\n<li>Ausgenommen sind auch Zitadellen im \u201cverlassen\u201d\/\u201dabandoned\u201d Status<\/li>\n\n\n\n<li>Piloten der Assimian Legion zeigen sich hilfsbereit den neuen und unerfahrenen Spielern gegen\u00fcber.<\/li>\n\n\n\n<li>Auf die Aussage eines Mitgliedes soll im Rahmen seiner M\u00f6glichkeiten Verlass sein<\/li>\n\n\n\n<li>Wir m\u00f6chten kein Ganking, Erpressung, Betrug oder \u00e4hnliches Verhalten in der Allianz<\/li>\n\n\n\n<li>Freundlicher und Beleidigungsfreier Umgang mit allen Piloten in New Eden.<\/li>\n<\/ul>\n\n\n\n<p class=\"has-medium-font-size\"><br><strong>Miteinander in der Allianz<\/strong><br><\/p>\n\n\n\n<ul class=\"wp-block-list\">\n<li>Hauptkommunikation ist unser Allianz-Discord. Die Nutzung ist f\u00fcr alle verbindlich.<\/li>\n\n\n\n<li>Als anf\u00e4ngerfreundliche Allianz stehen unsere Mitglieder bei Fragen, W\u00fcnschen und Anregungen von neuen Mitgliedern offen gegen\u00fcber<\/li>\n\n\n\n<li>Wir erwarten einen grundlegend freundlichen Umgang miteinander und eine gewisse Auswahl der zu besprechenden Themen im Discord. <\/li>\n\n\n\n<li>Wir sind eine Gemeinschaft von Spieler, kein Forum f\u00fcr kritische Diskussionen.<\/li>\n<\/ul>\n\n\n\n<p class=\"has-medium-font-size\"><strong><br>Aktivit\u00e4t und Aktivit\u00e4ten<\/strong><br><\/p>\n\n\n\n<ul class=\"wp-block-list\">\n<li>Mitglieder die l\u00e4nger als 6 Monate Ihre Charaktere nicht einloggen werden vorerst gegangen.<\/li>\n\n\n\n<li>In welchem Bereich sich die Spieler aktiv einbringen ist Ihnen \u00fcberlassen, solange dies nicht im Gegensatz zu diesen Regelungen steht.<\/li>\n<\/ul>\n\n\n\n<p class=\"has-medium-font-size\"><br><strong>Anwendung und Umsetzung<\/strong><br><\/p>\n\n\n\n<ul class=\"wp-block-list\">\n<li>Regelungen gelten im Sinne des Verfassers und sind nicht zwangsl\u00e4ufig mit Vollst\u00e4ndigkeiten oder idealer Wortwahl verfasst<\/li>\n\n\n\n<li>Anmerkungen, Beschwerden oder Klagen im Rahmen dieser Regelungen sind der Corp- ferner der Allianzf\u00fchrung schriftlich zukommen zu lassen.<\/li>\n\n\n\n<li>Im Streitfall liegt die Entscheidung bei der Corp- ferner der Allianzf\u00fchrung.<\/li>\n<\/ul>\n\n\n\n<p>gez. deine <strong>Allianzf\u00fchrung<\/strong><\/p>\n\n\n\n<p><\/p>\n","protected":false},"excerpt":{"rendered":"<p>Erwartung an unsere Piloten Miteinander in der Allianz Aktivit\u00e4t und Aktivit\u00e4ten Anwendung und Umsetzung gez. deine Allianzf\u00fchrung<\/p>\n","protected":false},"author":1,"featured_media":0,"parent":2,"menu_order":0,"comment_status":"closed","ping_status":"closed","template":"","meta":{"footnotes":""},"class_list":["post-247","page","type-page","status-publish","hentry"],"_links":{"self":[{"href":"https:\/\/assimianlegion.com\/index.php\/wp-json\/wp\/v2\/pages\/247","targetHints":{"allow":["GET"]}}],"collection":[{"href":"https:\/\/assimianlegion.com\/index.php\/wp-json\/wp\/v2\/pages"}],"about":[{"href":"https:\/\/assimianlegion.com\/index.php\/wp-json\/wp\/v2\/types\/page"}],"author":[{"embeddable":true,"href":"https:\/\/assimianlegion.com\/index.php\/wp-json\/wp\/v2\/users\/1"}],"replies":[{"embeddable":true,"href":"https:\/\/assimianlegion.com\/index.php\/wp-json\/wp\/v2\/comments?post=247"}],"version-history":[{"count":2,"href":"https:\/\/assimianlegion.com\/index.php\/wp-json\/wp\/v2\/pages\/247\/revisions"}],"predecessor-version":[{"id":250,"href":"https:\/\/assimianlegion.com\/index.php\/wp-json\/wp\/v2\/pages\/247\/revisions\/250"}],"up":[{"embeddable":true,"href":"https:\/\/assimianlegion.com\/index.php\/wp-json\/wp\/v2\/pages\/2"}],"wp:attachment":[{"href":"https:\/\/assimianlegion.com\/index.php\/wp-json\/wp\/v2\/media?parent=247"}],"curies":[{"name":"wp","href":"https:\/\/api.w.org\/{rel}","templated":true}]}}