{"id":239,"date":"2025-02-20T16:23:02","date_gmt":"2025-02-20T15:23:02","guid":{"rendered":"https:\/\/assimianlegion.com\/?page_id=239"},"modified":"2025-02-24T09:14:10","modified_gmt":"2025-02-24T08:14:10","slug":"moon-mining-fleet","status":"publish","type":"page","link":"https:\/\/assimianlegion.com\/index.php\/gallerie\/moon-mining-fleet\/","title":{"rendered":"Moon-Mining Fleet"},"content":{"rendered":"\n<p>Auch Moon-Mining geh\u00f6rt zu den regelm\u00e4ssigen Aktivit\u00e4ten von <strong>Assimian Legion<\/strong>.<\/p>\n\n\n\n<figure class=\"wp-block-image size-large\"><img loading=\"lazy\" decoding=\"async\" width=\"1024\" height=\"576\" src=\"https:\/\/assimianlegion.com\/wp-content\/uploads\/2025\/02\/20240728200450_1-1024x576.jpg\" alt=\"\" class=\"wp-image-39\" srcset=\"https:\/\/assimianlegion.com\/wp-content\/uploads\/2025\/02\/20240728200450_1-1024x576.jpg 1024w, https:\/\/assimianlegion.com\/wp-content\/uploads\/2025\/02\/20240728200450_1-300x169.jpg 300w, https:\/\/assimianlegion.com\/wp-content\/uploads\/2025\/02\/20240728200450_1-768x432.jpg 768w, https:\/\/assimianlegion.com\/wp-content\/uploads\/2025\/02\/20240728200450_1-1536x864.jpg 1536w, https:\/\/assimianlegion.com\/wp-content\/uploads\/2025\/02\/20240728200450_1.jpg 1920w\" sizes=\"auto, (max-width: 1024px) 100vw, 1024px\" \/><\/figure>\n\n\n\n<figure class=\"wp-block-image size-large\"><img loading=\"lazy\" decoding=\"async\" width=\"1024\" height=\"576\" src=\"https:\/\/assimianlegion.com\/wp-content\/uploads\/2025\/02\/20240728200428_1-1024x576.jpg\" alt=\"\" class=\"wp-image-35\" srcset=\"https:\/\/assimianlegion.com\/wp-content\/uploads\/2025\/02\/20240728200428_1-1024x576.jpg 1024w, https:\/\/assimianlegion.com\/wp-content\/uploads\/2025\/02\/20240728200428_1-300x169.jpg 300w, https:\/\/assimianlegion.com\/wp-content\/uploads\/2025\/02\/20240728200428_1-768x432.jpg 768w, https:\/\/assimianlegion.com\/wp-content\/uploads\/2025\/02\/20240728200428_1-1536x864.jpg 1536w, https:\/\/assimianlegion.com\/wp-content\/uploads\/2025\/02\/20240728200428_1.jpg 1920w\" sizes=\"auto, (max-width: 1024px) 100vw, 1024px\" \/><\/figure>\n\n\n\n<figure class=\"wp-block-image size-large\"><img loading=\"lazy\" decoding=\"async\" width=\"1024\" height=\"576\" src=\"https:\/\/assimianlegion.com\/wp-content\/uploads\/2025\/02\/20240728200435_1-1024x576.jpg\" alt=\"\" class=\"wp-image-38\" srcset=\"https:\/\/assimianlegion.com\/wp-content\/uploads\/2025\/02\/20240728200435_1-1024x576.jpg 1024w, https:\/\/assimianlegion.com\/wp-content\/uploads\/2025\/02\/20240728200435_1-300x169.jpg 300w, https:\/\/assimianlegion.com\/wp-content\/uploads\/2025\/02\/20240728200435_1-768x432.jpg 768w, https:\/\/assimianlegion.com\/wp-content\/uploads\/2025\/02\/20240728200435_1-1536x864.jpg 1536w, https:\/\/assimianlegion.com\/wp-content\/uploads\/2025\/02\/20240728200435_1.jpg 1920w\" sizes=\"auto, (max-width: 1024px) 100vw, 1024px\" \/><\/figure>\n\n\n\n<figure class=\"wp-block-image size-large\"><img loading=\"lazy\" decoding=\"async\" width=\"1024\" height=\"576\" src=\"https:\/\/assimianlegion.com\/wp-content\/uploads\/2025\/02\/20240728200433_1-1024x576.jpg\" alt=\"\" class=\"wp-image-37\" srcset=\"https:\/\/assimianlegion.com\/wp-content\/uploads\/2025\/02\/20240728200433_1-1024x576.jpg 1024w, https:\/\/assimianlegion.com\/wp-content\/uploads\/2025\/02\/20240728200433_1-300x169.jpg 300w, https:\/\/assimianlegion.com\/wp-content\/uploads\/2025\/02\/20240728200433_1-768x432.jpg 768w, https:\/\/assimianlegion.com\/wp-content\/uploads\/2025\/02\/20240728200433_1-1536x864.jpg 1536w, https:\/\/assimianlegion.com\/wp-content\/uploads\/2025\/02\/20240728200433_1.jpg 1920w\" sizes=\"auto, (max-width: 1024px) 100vw, 1024px\" \/><\/figure>\n\n\n\n<figure class=\"wp-block-image size-full is-resized\"><img loading=\"lazy\" decoding=\"async\" width=\"491\" height=\"611\" src=\"https:\/\/assimianlegion.com\/wp-content\/uploads\/2025\/02\/Moon-Mining.png\" alt=\"\" class=\"wp-image-43\" style=\"width:670px;height:auto\" srcset=\"https:\/\/assimianlegion.com\/wp-content\/uploads\/2025\/02\/Moon-Mining.png 491w, https:\/\/assimianlegion.com\/wp-content\/uploads\/2025\/02\/Moon-Mining-241x300.png 241w\" sizes=\"auto, (max-width: 491px) 100vw, 491px\" \/><\/figure>\n","protected":false},"excerpt":{"rendered":"<p>Auch Moon-Mining geh\u00f6rt zu den regelm\u00e4ssigen Aktivit\u00e4ten von Assimian Legion.<\/p>\n","protected":false},"author":1,"featured_media":0,"parent":78,"menu_order":4,"comment_status":"open","ping_status":"closed","template":"","meta":{"footnotes":""},"class_list":["post-239","page","type-page","status-publish","hentry"],"_links":{"self":[{"href":"https:\/\/assimianlegion.com\/index.php\/wp-json\/wp\/v2\/pages\/239","targetHints":{"allow":["GET"]}}],"collection":[{"href":"https:\/\/assimianlegion.com\/index.php\/wp-json\/wp\/v2\/pages"}],"about":[{"href":"https:\/\/assimianlegion.com\/index.php\/wp-json\/wp\/v2\/types\/page"}],"author":[{"embeddable":true,"href":"https:\/\/assimianlegion.com\/index.php\/wp-json\/wp\/v2\/users\/1"}],"replies":[{"embeddable":true,"href":"https:\/\/assimianlegion.com\/index.php\/wp-json\/wp\/v2\/comments?post=239"}],"version-history":[{"count":2,"href":"https:\/\/assimianlegion.com\/index.php\/wp-json\/wp\/v2\/pages\/239\/revisions"}],"predecessor-version":[{"id":266,"href":"https:\/\/assimianlegion.com\/index.php\/wp-json\/wp\/v2\/pages\/239\/revisions\/266"}],"up":[{"embeddable":true,"href":"https:\/\/assimianlegion.com\/index.php\/wp-json\/wp\/v2\/pages\/78"}],"wp:attachment":[{"href":"https:\/\/assimianlegion.com\/index.php\/wp-json\/wp\/v2\/media?parent=239"}],"curies":[{"name":"wp","href":"https:\/\/api.w.org\/{rel}","templated":true}]}}